{"id":1156,"date":"2022-02-21T07:30:00","date_gmt":"2022-02-21T07:30:00","guid":{"rendered":"https:\/\/www.grama-tech.ro\/?page_id=1156"},"modified":"2023-02-28T16:26:28","modified_gmt":"2023-02-28T14:26:28","slug":"portfolio","status":"publish","type":"page","link":"https:\/\/grama-tech.ro\/?page_id=1156","title":{"rendered":"Portfolio"},"content":{"rendered":"\n\n\n<div class=\"wp-block-group has-black-color has-text-color\"><div class=\"wp-block-group__inner-container is-layout-flow wp-block-group-is-layout-flow\">\n<div class=\"blockart-section blockart-section-843084b8\"><div class=\"blockart-container\"><div class=\"blockart-section-inner\">\n<div class=\"blockart-column blockart-column-fe329fee\"><div class=\"blockart-column-inner\"><\/div><\/div>\n\n\n\n<div class=\"blockart-column blockart-column-ce90c2c8\"><div class=\"blockart-column-inner\">\n<h2 class=\"blockart-heading blockart-heading-f3d26649\"><strong>Portofoliul nostru<\/strong><\/h2>\n\n\n\n<p class=\"blockart-paragraph blockart-paragraph-af8f9abd\">Mai jos g\u0103se\u0219ti ni\u0219te modele de site-uri WEB dezvoltate \u0219i \u00eentre\u021binute de noi. Dac\u0103 nu g\u0103se\u0219ti ceva ce \u00ee\u021bi place, nu te \u00eengrijora &#8211; cu siguran\u021b\u0103 vom g\u0103si \u00eempreun\u0103 ceva potrivit pentru tine!<\/p>\n<\/div><\/div>\n\n\n\n<div class=\"blockart-column blockart-column-97cd51dc\"><div class=\"blockart-column-inner\"><\/div><\/div>\n<\/div><\/div><\/div>\n\n\n\n<div class=\"wp-block-group has-white-color has-text-color\"><div class=\"wp-block-group__inner-container is-layout-flow wp-block-group-is-layout-flow\">\n<div class=\"wp-block-group\"><div class=\"wp-block-group__inner-container is-layout-flow wp-block-group-is-layout-flow\">        <div class=\"wp-block-visual-portfolio\">\n            \n<div class=\"vp-portfolio vp-uid-9cd0417e vp-id-BjDTe\"\n    data-vp-layout=\"tiles\" data-vp-items-style=\"emerge\" data-vp-items-click-action=\"url\" data-vp-items-gap=\"15\" data-vp-items-gap-vertical=\"\" data-vp-pagination=\"load-more\" data-vp-next-page-url=\"\" data-vp-tiles-type=\"3|1,1|\" >\n    <div class=\"vp-portfolio__preloader-wrap\">\n        <div class=\"vp-portfolio__preloader\">\n            <img decoding=\"async\" loading=\"eager\" src=\"https:\/\/grama-tech.ro\/wp-content\/plugins\/visual-portfolio\/assets\/images\/logo-dark.svg\" alt=\"Visual Portfolio, Posts &amp; Image Gallery for WordPress\" width=\"20\" height=\"20\" data-skip-lazy>\n        <\/div>\n    <\/div>\n        <div class=\"vp-portfolio__items-wrap\">\n            \n<div class=\"vp-portfolio__items vp-portfolio__items-style-emerge vp-portfolio__items-show-overlay-default vp-portfolio__items-show-img-overlay-hover\">\n\n        <div class=\"vp-portfolio__item-wrap vp-portfolio__item-uid-f457d642\" data-vp-filter=\"\" style=\"--vp-images__object-position: 50% 0%;\">\n                        <div class=\"vp-portfolio__item-popup\"\n                style=\"display: none;\"\n                data-vp-popup-img=\"https:\/\/grama-tech.ro\/wp-content\/uploads\/2022\/02\/screencapture-stomatolog-ideciu-ro-2022-02-21-09_34_53.png\"\n                data-vp-popup-img-srcset=\"https:\/\/grama-tech.ro\/wp-content\/uploads\/2022\/02\/screencapture-stomatolog-ideciu-ro-2022-02-21-09_34_53.png 2880w, https:\/\/grama-tech.ro\/wp-content\/uploads\/2022\/02\/screencapture-stomatolog-ideciu-ro-2022-02-21-09_34_53-139x300.png 139w, https:\/\/grama-tech.ro\/wp-content\/uploads\/2022\/02\/screencapture-stomatolog-ideciu-ro-2022-02-21-09_34_53-473x1024.png 473w, https:\/\/grama-tech.ro\/wp-content\/uploads\/2022\/02\/screencapture-stomatolog-ideciu-ro-2022-02-21-09_34_53-768x1662.png 768w, https:\/\/grama-tech.ro\/wp-content\/uploads\/2022\/02\/screencapture-stomatolog-ideciu-ro-2022-02-21-09_34_53-710x1536.png 710w, https:\/\/grama-tech.ro\/wp-content\/uploads\/2022\/02\/screencapture-stomatolog-ideciu-ro-2022-02-21-09_34_53-946x2048.png 946w, https:\/\/grama-tech.ro\/wp-content\/uploads\/2022\/02\/screencapture-stomatolog-ideciu-ro-2022-02-21-09_34_53-500x1082.png 500w, https:\/\/grama-tech.ro\/wp-content\/uploads\/2022\/02\/screencapture-stomatolog-ideciu-ro-2022-02-21-09_34_53-800x1731.png 800w, https:\/\/grama-tech.ro\/wp-content\/uploads\/2022\/02\/screencapture-stomatolog-ideciu-ro-2022-02-21-09_34_53-1280x2770.png 1280w, https:\/\/grama-tech.ro\/wp-content\/uploads\/2022\/02\/screencapture-stomatolog-ideciu-ro-2022-02-21-09_34_53-1920x4155.png 1920w\"\n                data-vp-popup-img-size=\"1920x4155\"\n                data-vp-popup-md-img=\"https:\/\/grama-tech.ro\/wp-content\/uploads\/2022\/02\/screencapture-stomatolog-ideciu-ro-2022-02-21-09_34_53.png\"\n                data-vp-popup-md-img-size=\"800x1731\"\n                data-vp-popup-sm-img=\"https:\/\/grama-tech.ro\/wp-content\/uploads\/2022\/02\/screencapture-stomatolog-ideciu-ro-2022-02-21-09_34_53-500x1082.png\"\n                data-vp-popup-sm-img-size=\"500x1082\"\n            >\n                                    <h3 class=\"vp-portfolio__item-popup-title\">Cabinet Stomatologic<\/h3>\n                                        <div class=\"vp-portfolio__item-popup-description\">Cabinet Stomatologic<\/div>\n                                <\/div>\n                                    <figure class=\"vp-portfolio__item\">\n                \n<div class=\"vp-portfolio__item-img-wrap\">\n    <div class=\"vp-portfolio__item-img\">\n        <a  href=\"https:\/\/grama-tech.ro\/wp-content\/uploads\/2022\/02\/screencapture-stomatolog-ideciu-ro-2022-02-21-09_34_53.png\" >\n        <img loading=\"lazy\" decoding=\"async\" width=\"1920\" height=\"4155\" src=\"https:\/\/grama-tech.ro\/wp-content\/uploads\/2022\/02\/screencapture-stomatolog-ideciu-ro-2022-02-21-09_34_53-1920x4155.png\" class=\"wp-image-1160\" alt=\"Cabinet Stomatologic\" srcset=\"https:\/\/grama-tech.ro\/wp-content\/uploads\/2022\/02\/screencapture-stomatolog-ideciu-ro-2022-02-21-09_34_53-1920x4155.png 1920w, https:\/\/grama-tech.ro\/wp-content\/uploads\/2022\/02\/screencapture-stomatolog-ideciu-ro-2022-02-21-09_34_53-139x300.png 139w, https:\/\/grama-tech.ro\/wp-content\/uploads\/2022\/02\/screencapture-stomatolog-ideciu-ro-2022-02-21-09_34_53-473x1024.png 473w, https:\/\/grama-tech.ro\/wp-content\/uploads\/2022\/02\/screencapture-stomatolog-ideciu-ro-2022-02-21-09_34_53-768x1662.png 768w, https:\/\/grama-tech.ro\/wp-content\/uploads\/2022\/02\/screencapture-stomatolog-ideciu-ro-2022-02-21-09_34_53-710x1536.png 710w, https:\/\/grama-tech.ro\/wp-content\/uploads\/2022\/02\/screencapture-stomatolog-ideciu-ro-2022-02-21-09_34_53-946x2048.png 946w, https:\/\/grama-tech.ro\/wp-content\/uploads\/2022\/02\/screencapture-stomatolog-ideciu-ro-2022-02-21-09_34_53-500x1082.png 500w, https:\/\/grama-tech.ro\/wp-content\/uploads\/2022\/02\/screencapture-stomatolog-ideciu-ro-2022-02-21-09_34_53-800x1731.png 800w, https:\/\/grama-tech.ro\/wp-content\/uploads\/2022\/02\/screencapture-stomatolog-ideciu-ro-2022-02-21-09_34_53-1280x2770.png 1280w\" sizes=\"auto, (max-width: 1920px) 100vw, 1920px\" \/>\n        <div class=\"vp-portfolio__item-img-overlay\"><\/div>\n\n        <\/a>    <\/div>\n<\/div>\n\n<figcaption class=\"vp-portfolio__item-overlay vp-portfolio__item-align-center\">\n            <div class=\"vp-portfolio__item-meta-wrap vp-portfolio__custom-scrollbar\">\n            <div class=\"vp-portfolio__item-meta\">\n                \n<h2 class=\"vp-portfolio__item-meta-title\">\n    <a  href=\"https:\/\/grama-tech.ro\/wp-content\/uploads\/2022\/02\/screencapture-stomatolog-ideciu-ro-2022-02-21-09_34_53.png\" >Cabinet Stomatologic Dr. Natalia Giurgiu<\/a><\/h2>\n            <\/div>\n        <\/div>\n    <\/figcaption>\n            <\/figure>\n                    <\/div>\n        \n        <div class=\"vp-portfolio__item-wrap vp-portfolio__item-uid-8c62c123\" data-vp-filter=\"\">\n                        <div class=\"vp-portfolio__item-popup\"\n                style=\"display: none;\"\n                data-vp-popup-img=\"https:\/\/grama-tech.ro\/wp-content\/uploads\/2022\/02\/New-Project-11-1920x2649.png\"\n                data-vp-popup-img-srcset=\"https:\/\/grama-tech.ro\/wp-content\/uploads\/2022\/02\/New-Project-11-1920x2649.png 1920w, https:\/\/grama-tech.ro\/wp-content\/uploads\/2022\/02\/New-Project-11-217x300.png 217w, https:\/\/grama-tech.ro\/wp-content\/uploads\/2022\/02\/New-Project-11-742x1024.png 742w, https:\/\/grama-tech.ro\/wp-content\/uploads\/2022\/02\/New-Project-11-768x1059.png 768w, https:\/\/grama-tech.ro\/wp-content\/uploads\/2022\/02\/New-Project-11-1113x1536.png 1113w, https:\/\/grama-tech.ro\/wp-content\/uploads\/2022\/02\/New-Project-11-1485x2048.png 1485w, https:\/\/grama-tech.ro\/wp-content\/uploads\/2022\/02\/New-Project-11-500x690.png 500w, https:\/\/grama-tech.ro\/wp-content\/uploads\/2022\/02\/New-Project-11-800x1104.png 800w, https:\/\/grama-tech.ro\/wp-content\/uploads\/2022\/02\/New-Project-11-1280x1766.png 1280w\"\n                data-vp-popup-img-size=\"1920x2649\"\n                data-vp-popup-md-img=\"https:\/\/grama-tech.ro\/wp-content\/uploads\/2022\/02\/New-Project-11-800x1104.png\"\n                data-vp-popup-md-img-size=\"800x1104\"\n                data-vp-popup-sm-img=\"https:\/\/grama-tech.ro\/wp-content\/uploads\/2022\/02\/New-Project-11-500x690.png\"\n                data-vp-popup-sm-img-size=\"500x690\"\n            >\n                                    <h3 class=\"vp-portfolio__item-popup-title\">DMN Barbershop<\/h3>\n                                        <div class=\"vp-portfolio__item-popup-description\">DMN Barbershop<\/div>\n                                <\/div>\n                                    <figure class=\"vp-portfolio__item\">\n                \n<div class=\"vp-portfolio__item-img-wrap\">\n    <div class=\"vp-portfolio__item-img\">\n        <a  href=\"https:\/\/grama-tech.ro\/wp-content\/uploads\/2022\/02\/New-Project-11-1920x2649.png\" >\n        <img loading=\"lazy\" decoding=\"async\" width=\"1920\" height=\"2649\" src=\"https:\/\/grama-tech.ro\/wp-content\/uploads\/2022\/02\/New-Project-11-1920x2649.png\" class=\"wp-image-1545\" alt=\"DMN Barbershop\" srcset=\"https:\/\/grama-tech.ro\/wp-content\/uploads\/2022\/02\/New-Project-11-1920x2649.png 1920w, https:\/\/grama-tech.ro\/wp-content\/uploads\/2022\/02\/New-Project-11-217x300.png 217w, https:\/\/grama-tech.ro\/wp-content\/uploads\/2022\/02\/New-Project-11-742x1024.png 742w, https:\/\/grama-tech.ro\/wp-content\/uploads\/2022\/02\/New-Project-11-768x1059.png 768w, https:\/\/grama-tech.ro\/wp-content\/uploads\/2022\/02\/New-Project-11-1113x1536.png 1113w, https:\/\/grama-tech.ro\/wp-content\/uploads\/2022\/02\/New-Project-11-1485x2048.png 1485w, https:\/\/grama-tech.ro\/wp-content\/uploads\/2022\/02\/New-Project-11-500x690.png 500w, https:\/\/grama-tech.ro\/wp-content\/uploads\/2022\/02\/New-Project-11-800x1104.png 800w, https:\/\/grama-tech.ro\/wp-content\/uploads\/2022\/02\/New-Project-11-1280x1766.png 1280w\" sizes=\"auto, (max-width: 1920px) 100vw, 1920px\" \/>\n        <div class=\"vp-portfolio__item-img-overlay\"><\/div>\n\n        <\/a>    <\/div>\n<\/div>\n\n<figcaption class=\"vp-portfolio__item-overlay vp-portfolio__item-align-center\">\n            <div class=\"vp-portfolio__item-meta-wrap vp-portfolio__custom-scrollbar\">\n            <div class=\"vp-portfolio__item-meta\">\n                \n<h2 class=\"vp-portfolio__item-meta-title\">\n    <a  href=\"https:\/\/grama-tech.ro\/wp-content\/uploads\/2022\/02\/New-Project-11-1920x2649.png\" >DMN Barbershop<\/a><\/h2>\n            <\/div>\n        <\/div>\n    <\/figcaption>\n            <\/figure>\n                    <\/div>\n        \n        <div class=\"vp-portfolio__item-wrap vp-portfolio__item-uid-804c0d10\" data-vp-filter=\"\" style=\"--vp-images__object-position: 50% 0%;\">\n                                    <figure class=\"vp-portfolio__item\">\n                \n<div class=\"vp-portfolio__item-img-wrap\">\n    <div class=\"vp-portfolio__item-img\">\n        <a  href=\"http:\/\/www.rapid.expert\" >\n        <img loading=\"lazy\" decoding=\"async\" width=\"1920\" height=\"3041\" src=\"https:\/\/grama-tech.ro\/wp-content\/uploads\/2022\/02\/screencapture-rapid-expert-2022-02-21-12_59_53-1920x3041.png\" class=\"wp-image-1168\" alt=\"Rapid Expert Website\" srcset=\"https:\/\/grama-tech.ro\/wp-content\/uploads\/2022\/02\/screencapture-rapid-expert-2022-02-21-12_59_53-1920x3041.png 1920w, https:\/\/grama-tech.ro\/wp-content\/uploads\/2022\/02\/screencapture-rapid-expert-2022-02-21-12_59_53-189x300.png 189w, https:\/\/grama-tech.ro\/wp-content\/uploads\/2022\/02\/screencapture-rapid-expert-2022-02-21-12_59_53-647x1024.png 647w, https:\/\/grama-tech.ro\/wp-content\/uploads\/2022\/02\/screencapture-rapid-expert-2022-02-21-12_59_53-768x1216.png 768w, https:\/\/grama-tech.ro\/wp-content\/uploads\/2022\/02\/screencapture-rapid-expert-2022-02-21-12_59_53-970x1536.png 970w, https:\/\/grama-tech.ro\/wp-content\/uploads\/2022\/02\/screencapture-rapid-expert-2022-02-21-12_59_53-1293x2048.png 1293w, https:\/\/grama-tech.ro\/wp-content\/uploads\/2022\/02\/screencapture-rapid-expert-2022-02-21-12_59_53-500x792.png 500w, https:\/\/grama-tech.ro\/wp-content\/uploads\/2022\/02\/screencapture-rapid-expert-2022-02-21-12_59_53-800x1267.png 800w, https:\/\/grama-tech.ro\/wp-content\/uploads\/2022\/02\/screencapture-rapid-expert-2022-02-21-12_59_53-1280x2027.png 1280w, https:\/\/grama-tech.ro\/wp-content\/uploads\/2022\/02\/screencapture-rapid-expert-2022-02-21-12_59_53-600x950.png 600w\" sizes=\"auto, (max-width: 1920px) 100vw, 1920px\" \/>\n        <div class=\"vp-portfolio__item-img-overlay\"><\/div>\n\n        <\/a>    <\/div>\n<\/div>\n\n<figcaption class=\"vp-portfolio__item-overlay vp-portfolio__item-align-center\">\n            <div class=\"vp-portfolio__item-meta-wrap vp-portfolio__custom-scrollbar\">\n            <div class=\"vp-portfolio__item-meta\">\n                \n<h2 class=\"vp-portfolio__item-meta-title\">\n    <a  href=\"http:\/\/www.rapid.expert\" >Platform\u0103 Intermedieri Servicii Rapid Expert<\/a><\/h2>\n            <\/div>\n        <\/div>\n    <\/figcaption>\n            <\/figure>\n                    <\/div>\n        \n        <div class=\"vp-portfolio__item-wrap vp-portfolio__item-uid-b393c057\" data-vp-filter=\"\">\n                        <div class=\"vp-portfolio__item-popup\"\n                style=\"display: none;\"\n                data-vp-popup-img=\"https:\/\/grama-tech.ro\/wp-content\/uploads\/2022\/03\/New-Project-24-1920x1920.png\"\n                data-vp-popup-img-srcset=\"https:\/\/grama-tech.ro\/wp-content\/uploads\/2022\/03\/New-Project-24-1920x1920.png 1920w, https:\/\/grama-tech.ro\/wp-content\/uploads\/2022\/03\/New-Project-24-300x300.png 300w, https:\/\/grama-tech.ro\/wp-content\/uploads\/2022\/03\/New-Project-24-1024x1024.png 1024w, https:\/\/grama-tech.ro\/wp-content\/uploads\/2022\/03\/New-Project-24-150x150.png 150w, https:\/\/grama-tech.ro\/wp-content\/uploads\/2022\/03\/New-Project-24-768x768.png 768w, https:\/\/grama-tech.ro\/wp-content\/uploads\/2022\/03\/New-Project-24-1536x1536.png 1536w, https:\/\/grama-tech.ro\/wp-content\/uploads\/2022\/03\/New-Project-24-2048x2048.png 2048w, https:\/\/grama-tech.ro\/wp-content\/uploads\/2022\/03\/New-Project-24-500x500.png 500w, https:\/\/grama-tech.ro\/wp-content\/uploads\/2022\/03\/New-Project-24-800x800.png 800w, https:\/\/grama-tech.ro\/wp-content\/uploads\/2022\/03\/New-Project-24-1280x1280.png 1280w\"\n                data-vp-popup-img-size=\"1920x1920\"\n                data-vp-popup-md-img=\"https:\/\/grama-tech.ro\/wp-content\/uploads\/2022\/03\/New-Project-24-800x800.png\"\n                data-vp-popup-md-img-size=\"800x800\"\n                data-vp-popup-sm-img=\"https:\/\/grama-tech.ro\/wp-content\/uploads\/2022\/03\/New-Project-24-500x500.png\"\n                data-vp-popup-sm-img-size=\"500x500\"\n            >\n                                    <h3 class=\"vp-portfolio__item-popup-title\">amun-ra-studio.ro<\/h3>\n                                        <div class=\"vp-portfolio__item-popup-description\">amun-ra-studio.ro<\/div>\n                                <\/div>\n                                    <figure class=\"vp-portfolio__item\">\n                \n<div class=\"vp-portfolio__item-img-wrap\">\n    <div class=\"vp-portfolio__item-img\">\n        <a  href=\"https:\/\/grama-tech.ro\/wp-content\/uploads\/2022\/03\/New-Project-24-1920x1920.png\" >\n        <img loading=\"lazy\" decoding=\"async\" width=\"1920\" height=\"1920\" src=\"https:\/\/grama-tech.ro\/wp-content\/uploads\/2022\/03\/New-Project-24-1920x1920.png\" class=\"wp-image-1564\" alt=\"amun-ra-studio.ro\" srcset=\"https:\/\/grama-tech.ro\/wp-content\/uploads\/2022\/03\/New-Project-24-1920x1920.png 1920w, https:\/\/grama-tech.ro\/wp-content\/uploads\/2022\/03\/New-Project-24-300x300.png 300w, https:\/\/grama-tech.ro\/wp-content\/uploads\/2022\/03\/New-Project-24-1024x1024.png 1024w, https:\/\/grama-tech.ro\/wp-content\/uploads\/2022\/03\/New-Project-24-150x150.png 150w, https:\/\/grama-tech.ro\/wp-content\/uploads\/2022\/03\/New-Project-24-768x768.png 768w, https:\/\/grama-tech.ro\/wp-content\/uploads\/2022\/03\/New-Project-24-1536x1536.png 1536w, https:\/\/grama-tech.ro\/wp-content\/uploads\/2022\/03\/New-Project-24-2048x2048.png 2048w, https:\/\/grama-tech.ro\/wp-content\/uploads\/2022\/03\/New-Project-24-500x500.png 500w, https:\/\/grama-tech.ro\/wp-content\/uploads\/2022\/03\/New-Project-24-800x800.png 800w, https:\/\/grama-tech.ro\/wp-content\/uploads\/2022\/03\/New-Project-24-1280x1280.png 1280w\" sizes=\"auto, (max-width: 1920px) 100vw, 1920px\" \/>\n        <div class=\"vp-portfolio__item-img-overlay\"><\/div>\n\n        <\/a>    <\/div>\n<\/div>\n\n<figcaption class=\"vp-portfolio__item-overlay vp-portfolio__item-align-center\">\n            <div class=\"vp-portfolio__item-meta-wrap vp-portfolio__custom-scrollbar\">\n            <div class=\"vp-portfolio__item-meta\">\n                \n<h2 class=\"vp-portfolio__item-meta-title\">\n    <a  href=\"https:\/\/grama-tech.ro\/wp-content\/uploads\/2022\/03\/New-Project-24-1920x1920.png\" >Salon \u00cenfrumuse\u021bare<\/a><\/h2>\n            <\/div>\n        <\/div>\n    <\/figcaption>\n            <\/figure>\n                    <\/div>\n        \n        <div class=\"vp-portfolio__item-wrap vp-portfolio__item-uid-ef5ac546\" data-vp-filter=\"\">\n                        <div class=\"vp-portfolio__item-popup\"\n                style=\"display: none;\"\n                data-vp-popup-img=\"https:\/\/grama-tech.ro\/wp-content\/uploads\/2022\/04\/screencapture-e-administrare-ro-2022-04-11-16_13_37-1-1920x1893.png\"\n                data-vp-popup-img-srcset=\"https:\/\/grama-tech.ro\/wp-content\/uploads\/2022\/04\/screencapture-e-administrare-ro-2022-04-11-16_13_37-1-1920x1893.png 1920w, https:\/\/grama-tech.ro\/wp-content\/uploads\/2022\/04\/screencapture-e-administrare-ro-2022-04-11-16_13_37-1-300x296.png 300w, https:\/\/grama-tech.ro\/wp-content\/uploads\/2022\/04\/screencapture-e-administrare-ro-2022-04-11-16_13_37-1-1024x1010.png 1024w, https:\/\/grama-tech.ro\/wp-content\/uploads\/2022\/04\/screencapture-e-administrare-ro-2022-04-11-16_13_37-1-768x757.png 768w, https:\/\/grama-tech.ro\/wp-content\/uploads\/2022\/04\/screencapture-e-administrare-ro-2022-04-11-16_13_37-1-1536x1515.png 1536w, https:\/\/grama-tech.ro\/wp-content\/uploads\/2022\/04\/screencapture-e-administrare-ro-2022-04-11-16_13_37-1-2048x2020.png 2048w, https:\/\/grama-tech.ro\/wp-content\/uploads\/2022\/04\/screencapture-e-administrare-ro-2022-04-11-16_13_37-1-500x493.png 500w, https:\/\/grama-tech.ro\/wp-content\/uploads\/2022\/04\/screencapture-e-administrare-ro-2022-04-11-16_13_37-1-800x789.png 800w, https:\/\/grama-tech.ro\/wp-content\/uploads\/2022\/04\/screencapture-e-administrare-ro-2022-04-11-16_13_37-1-1280x1262.png 1280w\"\n                data-vp-popup-img-size=\"1920x1893\"\n                data-vp-popup-md-img=\"https:\/\/grama-tech.ro\/wp-content\/uploads\/2022\/04\/screencapture-e-administrare-ro-2022-04-11-16_13_37-1-800x789.png\"\n                data-vp-popup-md-img-size=\"800x789\"\n                data-vp-popup-sm-img=\"https:\/\/grama-tech.ro\/wp-content\/uploads\/2022\/04\/screencapture-e-administrare-ro-2022-04-11-16_13_37-1-500x493.png\"\n                data-vp-popup-sm-img-size=\"500x493\"\n            >\n                                    <h3 class=\"vp-portfolio__item-popup-title\">e-administrare.ro<\/h3>\n                                        <div class=\"vp-portfolio__item-popup-description\">e-administrare.ro<\/div>\n                                <\/div>\n                                    <figure class=\"vp-portfolio__item\">\n                \n<div class=\"vp-portfolio__item-img-wrap\">\n    <div class=\"vp-portfolio__item-img\">\n        <a  href=\"https:\/\/grama-tech.ro\/wp-content\/uploads\/2022\/04\/screencapture-e-administrare-ro-2022-04-11-16_13_37-1-1920x1893.png\" >\n        <img loading=\"lazy\" decoding=\"async\" width=\"1920\" height=\"1893\" src=\"https:\/\/grama-tech.ro\/wp-content\/uploads\/2022\/04\/screencapture-e-administrare-ro-2022-04-11-16_13_37-1-1920x1893.png\" class=\"wp-image-1581\" alt=\"e-administrare.ro\" srcset=\"https:\/\/grama-tech.ro\/wp-content\/uploads\/2022\/04\/screencapture-e-administrare-ro-2022-04-11-16_13_37-1-1920x1893.png 1920w, https:\/\/grama-tech.ro\/wp-content\/uploads\/2022\/04\/screencapture-e-administrare-ro-2022-04-11-16_13_37-1-300x296.png 300w, https:\/\/grama-tech.ro\/wp-content\/uploads\/2022\/04\/screencapture-e-administrare-ro-2022-04-11-16_13_37-1-1024x1010.png 1024w, https:\/\/grama-tech.ro\/wp-content\/uploads\/2022\/04\/screencapture-e-administrare-ro-2022-04-11-16_13_37-1-768x757.png 768w, https:\/\/grama-tech.ro\/wp-content\/uploads\/2022\/04\/screencapture-e-administrare-ro-2022-04-11-16_13_37-1-1536x1515.png 1536w, https:\/\/grama-tech.ro\/wp-content\/uploads\/2022\/04\/screencapture-e-administrare-ro-2022-04-11-16_13_37-1-2048x2020.png 2048w, https:\/\/grama-tech.ro\/wp-content\/uploads\/2022\/04\/screencapture-e-administrare-ro-2022-04-11-16_13_37-1-500x493.png 500w, https:\/\/grama-tech.ro\/wp-content\/uploads\/2022\/04\/screencapture-e-administrare-ro-2022-04-11-16_13_37-1-800x789.png 800w, https:\/\/grama-tech.ro\/wp-content\/uploads\/2022\/04\/screencapture-e-administrare-ro-2022-04-11-16_13_37-1-1280x1262.png 1280w\" sizes=\"auto, (max-width: 1920px) 100vw, 1920px\" \/>\n        <div class=\"vp-portfolio__item-img-overlay\"><\/div>\n\n        <\/a>    <\/div>\n<\/div>\n\n<figcaption class=\"vp-portfolio__item-overlay vp-portfolio__item-align-center\">\n            <div class=\"vp-portfolio__item-meta-wrap vp-portfolio__custom-scrollbar\">\n            <div class=\"vp-portfolio__item-meta\">\n                \n<h2 class=\"vp-portfolio__item-meta-title\">\n    <a  href=\"https:\/\/grama-tech.ro\/wp-content\/uploads\/2022\/04\/screencapture-e-administrare-ro-2022-04-11-16_13_37-1-1920x1893.png\" >Administrare Imobile<\/a><\/h2>\n            <\/div>\n        <\/div>\n    <\/figcaption>\n            <\/figure>\n                    <\/div>\n        \n<\/div>\n        <\/div>\n        \n<\/div>\n        <\/div>\n        <\/div><\/div>\n<\/div><\/div>\n<\/div><\/div>\n","protected":false},"excerpt":{"rendered":"","protected":false},"author":1,"featured_media":0,"parent":0,"menu_order":0,"comment_status":"closed","ping_status":"closed","template":"","meta":{"pmpro_default_level":0,"_vp_format_video_url":"","_vp_image_focal_point":[],"footnotes":""},"class_list":["post-1156","page","type-page","status-publish","hentry","pmpro-has-access"],"_links":{"self":[{"href":"https:\/\/grama-tech.ro\/index.php?rest_route=\/wp\/v2\/pages\/1156","targetHints":{"allow":["GET"]}}],"collection":[{"href":"https:\/\/grama-tech.ro\/index.php?rest_route=\/wp\/v2\/pages"}],"about":[{"href":"https:\/\/grama-tech.ro\/index.php?rest_route=\/wp\/v2\/types\/page"}],"author":[{"embeddable":true,"href":"https:\/\/grama-tech.ro\/index.php?rest_route=\/wp\/v2\/users\/1"}],"replies":[{"embeddable":true,"href":"https:\/\/grama-tech.ro\/index.php?rest_route=%2Fwp%2Fv2%2Fcomments&post=1156"}],"version-history":[{"count":3,"href":"https:\/\/grama-tech.ro\/index.php?rest_route=\/wp\/v2\/pages\/1156\/revisions"}],"predecessor-version":[{"id":1518,"href":"https:\/\/grama-tech.ro\/index.php?rest_route=\/wp\/v2\/pages\/1156\/revisions\/1518"}],"wp:attachment":[{"href":"https:\/\/grama-tech.ro\/index.php?rest_route=%2Fwp%2Fv2%2Fmedia&parent=1156"}],"curies":[{"name":"wp","href":"https:\/\/api.w.org\/{rel}","templated":true}]}}