{"id":1345,"date":"2022-02-22T08:08:29","date_gmt":"2022-02-22T08:08:29","guid":{"rendered":"https:\/\/www.grama-tech.ro\/?page_id=1345"},"modified":"2022-04-11T17:59:32","modified_gmt":"2022-04-11T14:59:32","slug":"membership-levels","status":"publish","type":"page","link":"https:\/\/grama-tech.ro\/?page_id=1345","title":{"rendered":"Pachete Web"},"content":{"rendered":"\n<div class=\"wp-block-group\"><div class=\"wp-block-group__inner-container is-layout-flow wp-block-group-is-layout-flow\">\n<div class=\"blockart-section blockart-section-f10b7a18\"><div class=\"blockart-container\"><div class=\"blockart-section-inner\">\n<div class=\"blockart-column blockart-column-ceecd72d\"><div class=\"blockart-column-inner\"><\/div><\/div>\n\n\n\n<div class=\"blockart-column blockart-column-ba2eac55\"><div class=\"blockart-column-inner\">\n<h2 class=\"blockart-heading blockart-heading-3546e6ef\">Pachetele noastre<\/h2>\n\n\n\n<p class=\"blockart-paragraph blockart-paragraph-bdcf1d7e\">Vrem s\u0103 \u00ee\u021bi oferim zi-de-zi servicii de <strong>cea mai \u00eenalt\u0103 calitate 24\/7<\/strong>. Pentru asta, te invit\u0103m s\u0103 alegi unul dintre pachetele potrivite pentru tine!  Pachetele de mai jos sunt <strong>perfecte<\/strong> pentru afaceri dinamice, unde sunt necesare <strong>modific\u0103ri frecvente<\/strong> (de exemplu ale pre\u021burilor sau produselor)<\/p>\n<\/div><\/div>\n\n\n\n<div class=\"blockart-column blockart-column-f1f463c4\"><div class=\"blockart-column-inner\"><\/div><\/div>\n<\/div><\/div><\/div>\n\n\n\n<div class=\"wp-block-group\"><div class=\"wp-block-group__inner-container is-layout-flow wp-block-group-is-layout-flow\">\n<div class=\"blockart-section blockart-section-84ea4a20\"><div class=\"blockart-container\"><div class=\"blockart-section-inner\">\n<div class=\"blockart-column blockart-column-90888a59\"><div class=\"blockart-column-inner\">\n<h2 class=\"blockart-heading blockart-heading-abc196d7\">Silver<\/h2>\n\n\n\n<p class=\"blockart-paragraph blockart-paragraph-2ab494ae\"><strong>450 RON<\/strong><\/p>\n\n\n\n<p class=\"blockart-paragraph blockart-paragraph-2a906008\">pe lun\u0103<\/p>\n\n\n\n<p class=\"blockart-paragraph blockart-paragraph-fe30d45b\">Pagin\u0103 Web<\/p>\n\n\n\n<p class=\"blockart-paragraph blockart-paragraph-d8a40938\"><meta charset=\"utf-8\">Domeniu (nume site)<\/p>\n\n\n\n<p class=\"blockart-paragraph blockart-paragraph-f4675c98\">Design Logo<\/p>\n\n\n\n<p class=\"blockart-paragraph blockart-paragraph-7665fe1a\">Pagin\u0103 Facebook \u0219i Instagram<\/p>\n\n\n\n<p class=\"blockart-paragraph blockart-paragraph-01e8f966\">Optimizare SEO Google<\/p>\n\n\n\n<p class=\"blockart-paragraph blockart-paragraph-3969a571\">3 modific\u0103ri\/post\u0103ri pe lun\u0103<\/p>\n\n\n\n<div class=\"blockart-button blockart-button-79ce2a7c \"><a class=\"blockart-button-link is-custom is-style-filled\" href=\"https:\/\/grama-tech.ro\/?page_id=1342&amp;level=1\">alege pachetul<\/a><\/div>\n<\/div><\/div>\n\n\n\n<div class=\"blockart-column blockart-column-ca4857f4\"><div class=\"blockart-column-inner\">\n<h2 class=\"blockart-heading blockart-heading-cf3c54fd\">Gold<\/h2>\n\n\n\n<p class=\"blockart-paragraph blockart-paragraph-1ccfd5d5\"><strong><strong>650 RON<\/strong><\/strong><\/p>\n\n\n\n<p class=\"blockart-paragraph blockart-paragraph-687b61d8\">pe lun\u0103<\/p>\n\n\n\n<p class=\"blockart-paragraph blockart-paragraph-afe52383\"><strong>Totul din Silver +<\/strong><\/p>\n\n\n\n<p class=\"blockart-paragraph blockart-paragraph-32fc9399\">5 modific\u0103ri\/post\u0103ri pe lun\u0103<\/p>\n\n\n\n<p class=\"blockart-paragraph blockart-paragraph-da8e0554\">Modul Program\u0103ri Online SAU Magazin Online<\/p>\n\n\n\n<p class=\"blockart-paragraph blockart-paragraph-142cde0f\">100 Mesaje de confirmare Email \u0219i SMS incluse<\/p>\n\n\n\n<p class=\"blockart-paragraph blockart-paragraph-125d3a2b\">3 Rapoarte de trafic \u0219i performan\u021b\u0103<\/p>\n\n\n\n<p class=\"blockart-paragraph blockart-paragraph-ace445c5\">Suport tehnic asigurat<\/p>\n\n\n\n<div class=\"blockart-button blockart-button-f258fa88 \"><a class=\"blockart-button-link is-custom is-style-filled\" href=\"https:\/\/grama-tech.ro\/?page_id=1342&amp;level=2\">Alege Pachetul<\/a><\/div>\n<\/div><\/div>\n\n\n\n<div class=\"blockart-column blockart-column-cd7535da\"><div class=\"blockart-column-inner\">\n<h2 class=\"blockart-heading blockart-heading-85d31303\">Platinum<\/h2>\n\n\n\n<p class=\"blockart-paragraph blockart-paragraph-3bd06590\"><strong><strong>950 RON<\/strong><\/strong><\/p>\n\n\n\n<p class=\"blockart-paragraph blockart-paragraph-3fc2f4a2\">pe lun\u0103<\/p>\n\n\n\n<p class=\"blockart-paragraph blockart-paragraph-d9474902\"><strong>Totul din Silver \u0219i Gold + <\/strong><\/p>\n\n\n\n<p class=\"blockart-paragraph blockart-paragraph-3c4d9b04\">Publicitate Pl\u0103tit\u0103 INCLUS\u0102<\/p>\n\n\n\n<p class=\"blockart-paragraph blockart-paragraph-531a5618\">3 tipuri de reclam\u0103<\/p>\n\n\n\n<p class=\"blockart-paragraph blockart-paragraph-2a1e956b\">100 de acces\u0103ri\/lun\u0103 GARANTAT<\/p>\n\n\n\n<p class=\"blockart-paragraph blockart-paragraph-344db4ad\">10 modific\u0103ri\/post\u0103ri pe lun\u0103<\/p>\n\n\n\n<div class=\"blockart-button blockart-button-015d94fb \"><a class=\"blockart-button-link is-custom is-style-filled\" href=\"https:\/\/grama-tech.ro\/?page_id=1342&amp;level=3\"><meta charset=\"utf-8\">alege pachetul<\/a><\/div>\n<\/div><\/div>\n<\/div><\/div><\/div>\n<\/div><\/div>\n<\/div><\/div>\n","protected":false},"excerpt":{"rendered":"","protected":false},"author":1,"featured_media":0,"parent":1339,"menu_order":0,"comment_status":"closed","ping_status":"closed","template":"","meta":{"pmpro_default_level":0,"_vp_format_video_url":"","_vp_image_focal_point":[],"footnotes":""},"class_list":["post-1345","page","type-page","status-publish","hentry","pmpro-has-access"],"_links":{"self":[{"href":"https:\/\/grama-tech.ro\/index.php?rest_route=\/wp\/v2\/pages\/1345","targetHints":{"allow":["GET"]}}],"collection":[{"href":"https:\/\/grama-tech.ro\/index.php?rest_route=\/wp\/v2\/pages"}],"about":[{"href":"https:\/\/grama-tech.ro\/index.php?rest_route=\/wp\/v2\/types\/page"}],"author":[{"embeddable":true,"href":"https:\/\/grama-tech.ro\/index.php?rest_route=\/wp\/v2\/users\/1"}],"replies":[{"embeddable":true,"href":"https:\/\/grama-tech.ro\/index.php?rest_route=%2Fwp%2Fv2%2Fcomments&post=1345"}],"version-history":[{"count":4,"href":"https:\/\/grama-tech.ro\/index.php?rest_route=\/wp\/v2\/pages\/1345\/revisions"}],"predecessor-version":[{"id":1579,"href":"https:\/\/grama-tech.ro\/index.php?rest_route=\/wp\/v2\/pages\/1345\/revisions\/1579"}],"up":[{"embeddable":true,"href":"https:\/\/grama-tech.ro\/index.php?rest_route=\/wp\/v2\/pages\/1339"}],"wp:attachment":[{"href":"https:\/\/grama-tech.ro\/index.php?rest_route=%2Fwp%2Fv2%2Fmedia&parent=1345"}],"curies":[{"name":"wp","href":"https:\/\/api.w.org\/{rel}","templated":true}]}}