{"id":563,"date":"2021-12-13T04:15:18","date_gmt":"2021-12-13T04:15:18","guid":{"rendered":"https:\/\/blockart-agency.sites.qsandbox.com\/?page_id=563"},"modified":"2022-02-23T11:26:21","modified_gmt":"2022-02-23T09:26:21","slug":"about","status":"publish","type":"page","link":"https:\/\/grama-tech.ro\/?page_id=563","title":{"rendered":"Despre noi"},"content":{"rendered":"\n<div class=\"blockart-section blockart-section-05875b6b\"><div class=\"blockart-container\"><div class=\"blockart-section-inner\">\n<div class=\"blockart-column blockart-column-6186bd46\"><div class=\"blockart-column-inner\">\n<div class=\"blockart-image blockart-image-06dcbea6 \"><img decoding=\"async\" src=\"https:\/\/grama-tech.ro\/wp-content\/uploads\/2021\/12\/ourstory-image-1.jpg\" alt=\"\"\/><\/div>\n<\/div><\/div>\n\n\n\n<div class=\"blockart-column blockart-column-8dfdd3dd\"><div class=\"blockart-column-inner\">\n<h2 class=\"blockart-heading blockart-heading-248d44f0\">Povestea noastr\u0103<\/h2>\n\n\n\n<p class=\"blockart-paragraph blockart-paragraph-5ddea1cc\">Cum niciun \u00eenceput de drum nu este u\u0219or, drumul nostru a luat form\u0103 pe c\u0103r\u0103ri \u00eenguste, \u00een timpul unei drume\u021bii montane.<\/p>\n\n\n\n<p class=\"blockart-paragraph blockart-paragraph-dac452d1\">Emanuel, inginer IT de profesie, Clara, inginer, \u0219i Denisa, jurist, au petrecut o zi \u00eensorit\u0103 de duminic\u0103 de August escalad\u00e2nd v\u00e2rful Scaunul Domnului (recomand m\u0103car o vizit\u0103 de o zi &#8211; mai multe detalii <a href=\"https:\/\/www.zigzagpeharta.ro\/scaunul-domnului-1381-m\/\">aici<\/a>) , culeg\u00e2nd afine la 1400m \u0219i discut\u00e2nd despre ceea ce urma s\u0103 fie o afacere \u00een zona IT creat\u0103 de de cei trei. <\/p>\n<\/div><\/div>\n<\/div><\/div><\/div>\n\n\n\n<div class=\"blockart-section blockart-section-566c8f4b\"><div class=\"blockart-container\"><div class=\"blockart-section-inner\">\n<div class=\"blockart-column blockart-column-9ff6855a\"><div class=\"blockart-column-inner\">\n<p class=\"blockart-paragraph blockart-paragraph-de7dbfcd\">\u00cencep\u00e2nd cu acele momente, misiunea echipei a fost clar\u0103: \u00eembun\u0103t\u0103\u021birea radical\u0103 a vie\u021bii fiec\u0103rui client. Chiar dac\u0103 cea mai mare parte din efortul echipei este canalizat c\u0103tre proiectul <a href=\"https:\/\/rapid.expert\">Rapid Expert<\/a>, ne distragem uneori din lumea platformelor digitale cu mici discu\u021bii cu ai no\u0219tri clien\u021bi, pe care \u00eei ajut\u0103m s\u0103 ob\u021bin\u0103 o prezen\u021b\u0103 remarcabil\u0103 \u00een mediul online.<\/p>\n\n\n<\/div><\/div>\n<\/div><\/div><\/div>\n\n\n\n<div class=\"blockart-section blockart-section-2e69ecbb\"><div class=\"blockart-container\"><div class=\"blockart-section-inner\">\n<div class=\"blockart-column blockart-column-013c9c67\"><div class=\"blockart-column-inner\"><\/div><\/div>\n\n\n\n<div class=\"blockart-column blockart-column-cf0de680\"><div class=\"blockart-column-inner\">\n<h2 class=\"blockart-heading blockart-heading-3b0ddb89\">Misiunea noastr\u0103<\/h2>\n\n\n\n<p class=\"blockart-paragraph blockart-paragraph-573d3261\">Deschidem orizontul micilor afaceri rom\u00e2ne\u0219ti c\u0103tre vastul univers al internetului!<\/p>\n<\/div><\/div>\n\n\n\n<div class=\"blockart-column blockart-column-1d0cfb97\"><div class=\"blockart-column-inner\"><\/div><\/div>\n<\/div><\/div><\/div>\n\n\n\n<div class=\"blockart-section blockart-section-c6ea6a51\"><div class=\"blockart-container\"><div class=\"blockart-section-inner\">\n<div class=\"blockart-column blockart-column-d3e8fb46\"><div class=\"blockart-column-inner\">\n<h3 class=\"blockart-heading blockart-heading-aa9f2df7\"><span style=\"color:#f55d3e\" class=\"has-inline-color\">Design Web<\/span><\/h3>\n\n\n\n<p class=\"blockart-paragraph blockart-paragraph-4bbf359f\">Prin serviciile de design, dezvoltare \u0219i \u00eentre\u021binere a site-urilor WEB, le oferim clien\u021bilor posibilitatea s\u0103 \u00ee\u0219i asigure \u0219i men\u021bin\u0103 o prezen\u021b\u0103 \u00een mediul online optimizat\u0103 dup\u0103 nevoile lor.<\/p>\n<\/div><\/div>\n\n\n\n<div class=\"blockart-column blockart-column-7251f4d6\"><div class=\"blockart-column-inner\">\n<h3 class=\"blockart-heading blockart-heading-b3380f3a\"><span style=\"color:#f55d3e\" class=\"has-inline-color\">Marketing \u0219i SEO<\/span><\/h3>\n\n\n\n<p class=\"blockart-paragraph blockart-paragraph-bdb7bf36\">Fie c\u0103 este vorba de afaceri noi, afaceri mature sau afaceri ce trec prin perioade de dificultate, aducem afacerile clien\u021bilor no\u0219tri \u00een fa\u021ba publicului interesat. Campanii de cre\u0219tere organic\u0103, optimizare de tip SEO ( adic\u0103 Search Engine Optimization = Optimizare a Motorului de C\u0103utare) sau cre\u0219tere prin campanii pl\u0103tite (Google Ads, Facebook Ads, Instagram Ads), ne ocup\u0103m de toate p\u00e2n\u0103 la ultimul detaliu!<\/p>\n\n\n\n<p class=\"blockart-paragraph blockart-paragraph-6238d2e3\"> <\/p>\n\n\n\n<p><\/p>\n<\/div><\/div>\n<\/div><\/div><\/div>\n\n\n\n<div class=\"blockart-section blockart-section-9ade65a0\"><div class=\"blockart-container\"><div class=\"blockart-section-inner\">\n<div class=\"blockart-column blockart-column-9cd1395d\"><div class=\"blockart-column-inner\">\n<h3 class=\"blockart-heading blockart-heading-3c58fe65\"><span style=\"color:#f55d3e\" class=\"has-inline-color\">Optimizarea planific\u0103rii<\/span><\/h3>\n\n\n\n<p class=\"blockart-paragraph blockart-paragraph-a29c7121\">Digitalizarea poate p\u0103rea un lucru complicat. Nu trebuie s\u0103 fie a\u0219a! Oferim clien\u021bilor no\u0219tri posibilitatea de a-\u0219i digitaliza procesele de planificare a program\u0103rilor prin module inteligente, adaptate special nevoilor lor.<\/p>\n<\/div><\/div>\n\n\n\n<div class=\"blockart-column blockart-column-c0e0831e\"><div class=\"blockart-column-inner\">\n<h3 class=\"blockart-heading blockart-heading-bf956345\"><span style=\"color:#f55d3e\" class=\"has-inline-color\">Dezvoltare Accelerat\u0103<\/span><\/h3>\n\n\n\n<p class=\"blockart-paragraph blockart-paragraph-8ce2a8e3\">Pe scurt, oferim clien\u021bilor no\u0219tri toate lucrurile necesare unei devolt\u0103ri optime pe termen scurt, mediu, \u0219i lung. Pre\u021buim viteza la fel ca fiecare dintre noi \u0219i ne angaj\u0103m s\u0103 oferim cele mai bune rezultate \u00een timpul cel mai scurt!<\/p>\n<\/div><\/div>\n<\/div><\/div><\/div>\n\n\n\n<div class=\"blockart-section blockart-section-a8c7c151\"><div class=\"blockart-container\"><div class=\"blockart-section-inner\">\n<div class=\"blockart-column blockart-column-dab34859\"><div class=\"blockart-column-inner\"><\/div><\/div>\n\n\n\n<div class=\"blockart-column blockart-column-4d4d4da2\"><div class=\"blockart-column-inner\">\n<h2 class=\"blockart-heading blockart-heading-4d52da07\"><span style=\"color:#f55d3e\" class=\"has-inline-color\">Cunoa\u0219te echipa<\/span><\/h2>\n\n\n\n<p class=\"blockart-paragraph blockart-paragraph-3b27db7b\">Suntem o echip\u0103 t\u00e2n\u0103r\u0103, plin\u0103 de via\u021b\u0103 \u0219i ne bucur\u0103m s\u0103 \u00ee\u021bi fim al\u0103turi \u00een c\u0103l\u0103toria ta din lumea digital\u0103! Ne po\u021bi contacta oric\u00e2nd prin formularul de contact, a\u0219a c\u0103 nu ezita s\u0103 ne \u00eentrebi orice!<\/p>\n<\/div><\/div>\n\n\n\n<div class=\"blockart-column blockart-column-119d63ce\"><div class=\"blockart-column-inner\"><\/div><\/div>\n<\/div><\/div><\/div>\n\n\n\n<div class=\"blockart-section blockart-section-93b237fb\"><div class=\"blockart-container\"><div class=\"blockart-section-inner\">\n<div class=\"blockart-column blockart-column-9a68ba53\"><div class=\"blockart-column-inner\">\n<div class=\"blockart-image blockart-image-fea78d82 \"><img decoding=\"async\" src=\"https:\/\/grama-tech.ro\/wp-content\/uploads\/2022\/02\/New-Project-2.png\" alt=\"\"\/><\/div>\n\n\n\n<h3 class=\"blockart-heading blockart-heading-677a3ece\">Pisuc Clara<\/h3>\n\n\n\n<p class=\"blockart-paragraph blockart-paragraph-c43ec13c\">Designer Web UX\/UI<\/p>\n<\/div><\/div>\n\n\n\n<div class=\"blockart-column blockart-column-4d96f178\"><div class=\"blockart-column-inner\">\n<div class=\"blockart-image blockart-image-0737a8cb \"><img decoding=\"async\" src=\"https:\/\/grama-tech.ro\/wp-content\/uploads\/2022\/02\/portrait-1.png\" alt=\"\"\/><\/div>\n\n\n\n<h3 class=\"blockart-heading blockart-heading-396d4571\">Grama Emanuel<\/h3>\n\n\n\n<p class=\"blockart-paragraph blockart-paragraph-36c6f521\">Dezvoltator Web<\/p>\n<\/div><\/div>\n\n\n\n<div class=\"blockart-column blockart-column-4f7575e0\"><div class=\"blockart-column-inner\">\n<div class=\"blockart-image blockart-image-1af5d084 \"><img decoding=\"async\" src=\"https:\/\/grama-tech.ro\/wp-content\/uploads\/2022\/02\/New-Project-3.png\" alt=\"\"\/><\/div>\n\n\n\n<h3 class=\"blockart-heading blockart-heading-67710e37\">Grama Denisa<\/h3>\n\n\n\n<p class=\"blockart-paragraph blockart-paragraph-96defc93\">Juridic \u0219i Conformitate<\/p>\n<\/div><\/div>\n<\/div><\/div><\/div>\n\n\n\n<div class=\"blockart-section blockart-section-d8bb7b25\"><div class=\"blockart-container\"><div class=\"blockart-section-inner\">\n<div class=\"blockart-column blockart-column-e70448c7\"><div class=\"blockart-column-inner\"><\/div><\/div>\n\n\n\n<div class=\"blockart-column blockart-column-716dcbed\"><div class=\"blockart-column-inner\">\n<div class=\"blockart-image blockart-image-41c122c1 \"><a href=\"https:\/\/www.facebook.com\/grama.emi\/\"><img decoding=\"async\" src=\"https:\/\/grama-tech.ro\/wp-content\/uploads\/2021\/12\/fav_icon1-1.png\" alt=\"\"\/><\/a><\/div>\n<\/div><\/div>\n\n\n\n<div class=\"blockart-column blockart-column-b947f356\"><div class=\"blockart-column-inner\">\n<div class=\"blockart-image blockart-image-ef4893ac \"><a href=\"https:\/\/www.linkedin.com\/in\/ioan-emanuel-grama\/\"><img decoding=\"async\" src=\"https:\/\/grama-tech.ro\/wp-content\/uploads\/2021\/12\/icon5-1.png\" alt=\"\"\/><\/a><\/div>\n<\/div><\/div>\n\n\n\n<div class=\"blockart-column blockart-column-ce805f44\"><div class=\"blockart-column-inner\"><\/div><\/div>\n<\/div><\/div><\/div>\n","protected":false},"excerpt":{"rendered":"","protected":false},"author":1,"featured_media":0,"parent":0,"menu_order":0,"comment_status":"closed","ping_status":"closed","template":"page-templates\/pagebuilder.php","meta":{"pmpro_default_level":0,"_vp_format_video_url":"","_vp_image_focal_point":[],"footnotes":""},"class_list":["post-563","page","type-page","status-publish","hentry","pmpro-has-access"],"_links":{"self":[{"href":"https:\/\/grama-tech.ro\/index.php?rest_route=\/wp\/v2\/pages\/563","targetHints":{"allow":["GET"]}}],"collection":[{"href":"https:\/\/grama-tech.ro\/index.php?rest_route=\/wp\/v2\/pages"}],"about":[{"href":"https:\/\/grama-tech.ro\/index.php?rest_route=\/wp\/v2\/types\/page"}],"author":[{"embeddable":true,"href":"https:\/\/grama-tech.ro\/index.php?rest_route=\/wp\/v2\/users\/1"}],"replies":[{"embeddable":true,"href":"https:\/\/grama-tech.ro\/index.php?rest_route=%2Fwp%2Fv2%2Fcomments&post=563"}],"version-history":[{"count":6,"href":"https:\/\/grama-tech.ro\/index.php?rest_route=\/wp\/v2\/pages\/563\/revisions"}],"predecessor-version":[{"id":1471,"href":"https:\/\/grama-tech.ro\/index.php?rest_route=\/wp\/v2\/pages\/563\/revisions\/1471"}],"wp:attachment":[{"href":"https:\/\/grama-tech.ro\/index.php?rest_route=%2Fwp%2Fv2%2Fmedia&parent=563"}],"curies":[{"name":"wp","href":"https:\/\/api.w.org\/{rel}","templated":true}]}}